{"id":5226,"date":"2024-04-12T13:53:03","date_gmt":"2024-04-12T13:53:03","guid":{"rendered":"https:\/\/aroomiturundus.ee\/?page_id=5226"},"modified":"2024-05-29T11:56:43","modified_gmt":"2024-05-29T11:56:43","slug":"lohnaotsija","status":"publish","type":"page","link":"https:\/\/scent.lv\/et\/lohnaotsija\/","title":{"rendered":"L\u00f5hnaotsija"},"content":{"rendered":"<p>[et_pb_section fb_built=&#8221;1&#8243; _builder_version=&#8221;4.24.3&#8243; _module_preset=&#8221;default&#8221; custom_padding=&#8221;0px|||||&#8221; global_colors_info=&#8221;{}&#8221;][et_pb_row disabled_on=&#8221;on|off|off&#8221; _builder_version=&#8221;4.24.3&#8243; _module_preset=&#8221;default&#8221; width=&#8221;70%&#8221; max_width=&#8221;70%&#8221; global_colors_info=&#8221;{}&#8221;][et_pb_column type=&#8221;4_4&#8243; _builder_version=&#8221;4.24.3&#8243; _module_preset=&#8221;default&#8221; global_colors_info=&#8221;{}&#8221;][et_pb_code _builder_version=&#8221;4.24.3&#8243; _module_preset=&#8221;default&#8221; global_colors_info=&#8221;{}&#8221;]<\/p>\n<div data-tf-live=\"01HT2E69C27GYZ0QS864BFCJM7\"><\/div>\n<p><script src=\"\/\/embed.typeform.com\/next\/embed.js\"><\/script>[\/et_pb_code][\/et_pb_column][\/et_pb_row][et_pb_row disabled_on=&#8221;off|on|on&#8221; _builder_version=&#8221;4.24.3&#8243; _module_preset=&#8221;default&#8221; width=&#8221;100%&#8221; max_width=&#8221;100%&#8221; global_colors_info=&#8221;{}&#8221;][et_pb_column type=&#8221;4_4&#8243; _builder_version=&#8221;4.24.3&#8243; _module_preset=&#8221;default&#8221; global_colors_info=&#8221;{}&#8221;][et_pb_code disabled_on=&#8221;on|on|off&#8221; _builder_version=&#8221;4.24.3&#8243; _module_preset=&#8221;default&#8221; width=&#8221;100%&#8221; max_width=&#8221;100%&#8221; global_colors_info=&#8221;{}&#8221;]<\/p>\n<div data-tf-live=\"01HT2E69C27GYZ0QS864BFCJM7\"><\/div>\n<p><script src=\"\/\/embed.typeform.com\/next\/embed.js\"><\/script>[\/et_pb_code][\/et_pb_column][\/et_pb_row][\/et_pb_section]<\/p>\n","protected":false},"excerpt":{"rendered":"","protected":false},"author":5,"featured_media":0,"parent":0,"menu_order":0,"comment_status":"closed","ping_status":"closed","template":"","meta":{"_et_pb_use_builder":"on","_et_pb_old_content":"","_et_gb_content_width":"","footnotes":""},"class_list":["post-5226","page","type-page","status-publish","hentry"],"yoast_head":"<!-- This site is optimized with the Yoast SEO plugin v23.2 - https:\/\/yoast.com\/wordpress\/plugins\/seo\/ -->\n<title>L\u00f5hnaotsija - Scent.lv<\/title>\n<meta name=\"robots\" content=\"index, follow, max-snippet:-1, max-image-preview:large, max-video-preview:-1\" \/>\n<link rel=\"canonical\" href=\"https:\/\/scent.lv\/et\/lohnaotsija\/\" \/>\n<meta property=\"og:locale\" content=\"et_EE\" \/>\n<meta property=\"og:type\" content=\"article\" \/>\n<meta property=\"og:title\" content=\"L\u00f5hnaotsija - Scent.lv\" \/>\n<meta property=\"og:url\" content=\"https:\/\/scent.lv\/et\/lohnaotsija\/\" \/>\n<meta property=\"og:site_name\" content=\"Scent.lv\" \/>\n<meta property=\"article:modified_time\" content=\"2024-05-29T11:56:43+00:00\" \/>\n<meta name=\"twitter:card\" content=\"summary_large_image\" \/>\n<script type=\"application\/ld+json\" class=\"yoast-schema-graph\">{\"@context\":\"https:\/\/schema.org\",\"@graph\":[{\"@type\":\"WebPage\",\"@id\":\"https:\/\/scent.lv\/et\/lohnaotsija\/\",\"url\":\"https:\/\/scent.lv\/et\/lohnaotsija\/\",\"name\":\"L\u00f5hnaotsija - Scent.lv\",\"isPartOf\":{\"@id\":\"https:\/\/www.scent.lv\/et\/#website\"},\"datePublished\":\"2024-04-12T13:53:03+00:00\",\"dateModified\":\"2024-05-29T11:56:43+00:00\",\"breadcrumb\":{\"@id\":\"https:\/\/scent.lv\/et\/lohnaotsija\/#breadcrumb\"},\"inLanguage\":\"et\",\"potentialAction\":[{\"@type\":\"ReadAction\",\"target\":[\"https:\/\/scent.lv\/et\/lohnaotsija\/\"]}]},{\"@type\":\"BreadcrumbList\",\"@id\":\"https:\/\/scent.lv\/et\/lohnaotsija\/#breadcrumb\",\"itemListElement\":[{\"@type\":\"ListItem\",\"position\":1,\"name\":\"Home\",\"item\":\"https:\/\/scent.lv\/et\/\"},{\"@type\":\"ListItem\",\"position\":2,\"name\":\"L\u00f5hnaotsija\"}]},{\"@type\":\"WebSite\",\"@id\":\"https:\/\/www.scent.lv\/et\/#website\",\"url\":\"https:\/\/www.scent.lv\/et\/\",\"name\":\"Scent.lv\",\"description\":\"ScentAir Latvia - Inovat\u012bvais arom\u0101tu m\u0101rketings.\",\"potentialAction\":[{\"@type\":\"SearchAction\",\"target\":{\"@type\":\"EntryPoint\",\"urlTemplate\":\"https:\/\/www.scent.lv\/et\/?s={search_term_string}\"},\"query-input\":\"required name=search_term_string\"}],\"inLanguage\":\"et\"}]}<\/script>\n<!-- \/ Yoast SEO plugin. -->","yoast_head_json":{"title":"L\u00f5hnaotsija - Scent.lv","robots":{"index":"index","follow":"follow","max-snippet":"max-snippet:-1","max-image-preview":"max-image-preview:large","max-video-preview":"max-video-preview:-1"},"canonical":"https:\/\/scent.lv\/et\/lohnaotsija\/","og_locale":"et_EE","og_type":"article","og_title":"L\u00f5hnaotsija - Scent.lv","og_url":"https:\/\/scent.lv\/et\/lohnaotsija\/","og_site_name":"Scent.lv","article_modified_time":"2024-05-29T11:56:43+00:00","twitter_card":"summary_large_image","schema":{"@context":"https:\/\/schema.org","@graph":[{"@type":"WebPage","@id":"https:\/\/scent.lv\/et\/lohnaotsija\/","url":"https:\/\/scent.lv\/et\/lohnaotsija\/","name":"L\u00f5hnaotsija - Scent.lv","isPartOf":{"@id":"https:\/\/www.scent.lv\/et\/#website"},"datePublished":"2024-04-12T13:53:03+00:00","dateModified":"2024-05-29T11:56:43+00:00","breadcrumb":{"@id":"https:\/\/scent.lv\/et\/lohnaotsija\/#breadcrumb"},"inLanguage":"et","potentialAction":[{"@type":"ReadAction","target":["https:\/\/scent.lv\/et\/lohnaotsija\/"]}]},{"@type":"BreadcrumbList","@id":"https:\/\/scent.lv\/et\/lohnaotsija\/#breadcrumb","itemListElement":[{"@type":"ListItem","position":1,"name":"Home","item":"https:\/\/scent.lv\/et\/"},{"@type":"ListItem","position":2,"name":"L\u00f5hnaotsija"}]},{"@type":"WebSite","@id":"https:\/\/www.scent.lv\/et\/#website","url":"https:\/\/www.scent.lv\/et\/","name":"Scent.lv","description":"ScentAir Latvia - Inovat\u012bvais arom\u0101tu m\u0101rketings.","potentialAction":[{"@type":"SearchAction","target":{"@type":"EntryPoint","urlTemplate":"https:\/\/www.scent.lv\/et\/?s={search_term_string}"},"query-input":"required name=search_term_string"}],"inLanguage":"et"}]}},"_links":{"self":[{"href":"https:\/\/scent.lv\/et\/wp-json\/wp\/v2\/pages\/5226","targetHints":{"allow":["GET"]}}],"collection":[{"href":"https:\/\/scent.lv\/et\/wp-json\/wp\/v2\/pages"}],"about":[{"href":"https:\/\/scent.lv\/et\/wp-json\/wp\/v2\/types\/page"}],"author":[{"embeddable":true,"href":"https:\/\/scent.lv\/et\/wp-json\/wp\/v2\/users\/5"}],"replies":[{"embeddable":true,"href":"https:\/\/scent.lv\/et\/wp-json\/wp\/v2\/comments?post=5226"}],"version-history":[{"count":3,"href":"https:\/\/scent.lv\/et\/wp-json\/wp\/v2\/pages\/5226\/revisions"}],"predecessor-version":[{"id":7737,"href":"https:\/\/scent.lv\/et\/wp-json\/wp\/v2\/pages\/5226\/revisions\/7737"}],"wp:attachment":[{"href":"https:\/\/scent.lv\/et\/wp-json\/wp\/v2\/media?parent=5226"}],"curies":[{"name":"wp","href":"https:\/\/api.w.org\/{rel}","templated":true}]}}